
{"id":12,"date":"2022-08-15T15:32:11","date_gmt":"2022-08-15T13:32:11","guid":{"rendered":"http:\/\/physio-knepel.de\/?page_id=12"},"modified":"2026-02-09T20:41:22","modified_gmt":"2026-02-09T19:41:22","slug":"startseite","status":"publish","type":"page","link":"https:\/\/physio-knepel.de\/","title":{"rendered":"Startseite"},"content":{"rendered":"\n<div class=\"wp-block-cover alignfull is-light hestia-clear-top-padding\"><span aria-hidden=\"true\" class=\"wp-block-cover__background has-white-background-color has-background-dim-100 has-background-dim\"><\/span><div class=\"wp-block-cover__inner-container is-layout-flow wp-block-cover-is-layout-flow\">\n<h2 class=\"wp-block-heading has-text-align-center has-text-color\" style=\"color:#3c4858\">Unsere Standorte<\/h2>\n\n\n\n<div style=\"height:40px\" aria-hidden=\"true\" class=\"wp-block-spacer\"><\/div>\n\n\n\n<div class=\"wp-block-columns container is-layout-flex wp-container-core-columns-is-layout-28f84493 wp-block-columns-is-layout-flex\">\n<div class=\"wp-block-column is-layout-flow wp-block-column-is-layout-flow\"><div class=\"wp-block-image\">\n<figure class=\"aligncenter size-large\"><img loading=\"lazy\" decoding=\"async\" width=\"768\" height=\"1024\" src=\"https:\/\/physio-knepel.de\/wp-content\/uploads\/2026\/02\/WhatsApp-Image-2026-02-09-at-19.08.15-768x1024.jpeg\" alt=\"\" class=\"wp-image-318\" srcset=\"https:\/\/physio-knepel.de\/wp-content\/uploads\/2026\/02\/WhatsApp-Image-2026-02-09-at-19.08.15-768x1024.jpeg 768w, https:\/\/physio-knepel.de\/wp-content\/uploads\/2026\/02\/WhatsApp-Image-2026-02-09-at-19.08.15-225x300.jpeg 225w, https:\/\/physio-knepel.de\/wp-content\/uploads\/2026\/02\/WhatsApp-Image-2026-02-09-at-19.08.15-1152x1536.jpeg 1152w, https:\/\/physio-knepel.de\/wp-content\/uploads\/2026\/02\/WhatsApp-Image-2026-02-09-at-19.08.15.jpeg 1200w\" sizes=\"auto, (max-width: 768px) 100vw, 768px\" \/><\/figure>\n<\/div>\n\n\n<h5 class=\"wp-block-heading has-text-align-center has-text-color\" style=\"color:#3c4858;font-size:18px\">Ludwig Keller Stra\u00dfe 33\/35, Ansbach<\/h5>\n\n\n\n<p class=\"has-text-align-center has-text-color\" style=\"color:#999999;font-size:14px\"><\/p>\n\n\n\n<div style=\"height:25px\" aria-hidden=\"true\" class=\"wp-block-spacer\"><\/div>\n<\/div>\n\n\n\n<div class=\"wp-block-column is-layout-flow wp-block-column-is-layout-flow\"><div class=\"wp-block-image\">\n<figure class=\"aligncenter size-large\"><img loading=\"lazy\" decoding=\"async\" width=\"768\" height=\"1024\" src=\"https:\/\/physio-knepel.de\/wp-content\/uploads\/2025\/10\/WhatsApp-Image-2025-10-12-at-14.28.13_db33d091-768x1024.jpg\" alt=\"\" class=\"wp-image-71\" srcset=\"https:\/\/physio-knepel.de\/wp-content\/uploads\/2025\/10\/WhatsApp-Image-2025-10-12-at-14.28.13_db33d091-768x1024.jpg 768w, https:\/\/physio-knepel.de\/wp-content\/uploads\/2025\/10\/WhatsApp-Image-2025-10-12-at-14.28.13_db33d091-225x300.jpg 225w, https:\/\/physio-knepel.de\/wp-content\/uploads\/2025\/10\/WhatsApp-Image-2025-10-12-at-14.28.13_db33d091-1152x1536.jpg 1152w, https:\/\/physio-knepel.de\/wp-content\/uploads\/2025\/10\/WhatsApp-Image-2025-10-12-at-14.28.13_db33d091.jpg 1200w\" sizes=\"auto, (max-width: 768px) 100vw, 768px\" \/><\/figure>\n<\/div>\n\n\n<h5 class=\"wp-block-heading has-text-align-center has-text-color\" style=\"color:#3c4858;font-size:18px\">N\u00fcrnberger Stra\u00dfe 23, Ansbach<\/h5>\n\n\n\n<p class=\"has-text-align-center has-text-color\" style=\"color:#999999;font-size:14px\"><\/p>\n<\/div>\n\n\n\n<div class=\"wp-block-column is-layout-flow wp-block-column-is-layout-flow\"><div class=\"wp-block-image\">\n<figure class=\"aligncenter size-full\"><img loading=\"lazy\" decoding=\"async\" width=\"768\" height=\"1024\" src=\"https:\/\/physio-knepel.de\/wp-content\/uploads\/2026\/02\/image2_resized.jpg\" alt=\"\" class=\"wp-image-371\" style=\"object-fit:cover\" srcset=\"https:\/\/physio-knepel.de\/wp-content\/uploads\/2026\/02\/image2_resized.jpg 768w, https:\/\/physio-knepel.de\/wp-content\/uploads\/2026\/02\/image2_resized-225x300.jpg 225w\" sizes=\"auto, (max-width: 768px) 100vw, 768px\" \/><\/figure>\n<\/div>\n\n\n<h5 class=\"wp-block-heading has-text-align-center has-text-color\" style=\"color:#3c4858;font-size:18px\">Ansbacher Stra\u00dfe 7, Aurach<\/h5>\n\n\n\n<p class=\"has-text-align-center has-text-color\" style=\"color:#999999;font-size:14px\"><\/p>\n\n\n\n<div style=\"height:25px\" aria-hidden=\"true\" class=\"wp-block-spacer\"><\/div>\n<\/div>\n<\/div>\n\n\n\n<div style=\"height:40px\" aria-hidden=\"true\" class=\"wp-block-spacer\"><\/div>\n<\/div><\/div>\n\n\n\n<div class=\"wp-block-columns container is-layout-flex wp-container-core-columns-is-layout-28f84493 wp-block-columns-is-layout-flex\">\n<div class=\"wp-block-column col-md-5 is-layout-flow wp-block-column-is-layout-flow\">\n<div style=\"height:55px\" aria-hidden=\"true\" class=\"wp-block-spacer\"><\/div>\n\n\n\n<h2 class=\"wp-block-heading\">\u00dcber unsere Praxis<\/h2>\n\n\n\n<p> Willkommen in der Physiopraxis Knepel!\nBei uns stehen Sie und Ihre Gesundheit im Mittelpunkt. Mit Erfahrung, Einf\u00fchlungsverm\u00f6gen und\neinem engagierten Therapeutenteam begleiten wir sie auf ihrem Weg zu mehr Bewegung und\nWohlbefinden.\nWir bieten Ihnen durch langj\u00e4hrige Erfahrung und vielf\u00e4ltige Qualifikationen Physiotherapie auf\nh\u00f6chstem Niveau.\nManfred Knepel gr\u00fcndete seine erste Physiopraxis in Ansbach 1996. Nach vielen erfolgreichen\nJahren entschloss er sich, seine Praxis zu erweitern und er\u00f6ffnete 2012 einen weiteren Standort in\nAurach. Was einst als kleine Praxis begann, entwickelte sich \u00fcber die Zeit, mit vielen zufriedenen\nPatienten, zu einem Physiotherapienetzwerk. So kam 2021 eine weitere Praxis in Ansbach hinzu.\nDer Physiotherapeut und leidenschaftliche Sportler leitete die Praxen bis zu seinem Tod im Jahr\n2023. Seitdem hat seine Ehefrau, Jany Knepel, die Leitung \u00fcbernommen. Unter ihrer\nF\u00fchrung wurden die Bereiche Reha und Pr\u00e4vention neu angelegt und zus\u00e4tzlich um Angebote im\nBerreich Wellness und Fu\u00dfpflege erg\u00e4nzt. Damit f\u00fchrt sie die Arbeit ihres Mannes mit viel\nEngagement, Herz und einem erweitern Gesundheitskonzept fort. \n     <\/p>\n<\/div>\n\n\n\n<div class=\"wp-block-column col-md-6 col-md-offset1 is-layout-flow wp-block-column-is-layout-flow\">\n<div style=\"height:55px\" aria-hidden=\"true\" class=\"wp-block-spacer\"><\/div>\n\n\n\n<p><\/p>\n<\/div>\n<\/div>\n","protected":false},"excerpt":{"rendered":"<p>\u00dcber unsere Praxis Willkommen in der Physiopraxis Knepel! Bei uns stehen Sie und Ihre Gesundheit im Mittelpunkt. Mit Erfahrung, Einf\u00fchlungsverm\u00f6gen und einem engagierten Therapeutenteam begleiten wir sie auf ihrem Weg zu mehr Bewegung und Wohlbefinden. Wir bieten Ihnen durch langj\u00e4hrige Erfahrung und vielf\u00e4ltige Qualifikationen Physiotherapie auf h\u00f6chstem Niveau. Manfred Knepel [&hellip;]<\/p>\n","protected":false},"author":1,"featured_media":65,"parent":0,"menu_order":0,"comment_status":"closed","ping_status":"closed","template":"","meta":{"footnotes":""},"class_list":["post-12","page","type-page","status-publish","has-post-thumbnail","hentry"],"_links":{"self":[{"href":"https:\/\/physio-knepel.de\/index.php?rest_route=\/wp\/v2\/pages\/12","targetHints":{"allow":["GET"]}}],"collection":[{"href":"https:\/\/physio-knepel.de\/index.php?rest_route=\/wp\/v2\/pages"}],"about":[{"href":"https:\/\/physio-knepel.de\/index.php?rest_route=\/wp\/v2\/types\/page"}],"author":[{"embeddable":true,"href":"https:\/\/physio-knepel.de\/index.php?rest_route=\/wp\/v2\/users\/1"}],"replies":[{"embeddable":true,"href":"https:\/\/physio-knepel.de\/index.php?rest_route=%2Fwp%2Fv2%2Fcomments&post=12"}],"version-history":[{"count":24,"href":"https:\/\/physio-knepel.de\/index.php?rest_route=\/wp\/v2\/pages\/12\/revisions"}],"predecessor-version":[{"id":387,"href":"https:\/\/physio-knepel.de\/index.php?rest_route=\/wp\/v2\/pages\/12\/revisions\/387"}],"wp:featuredmedia":[{"embeddable":true,"href":"https:\/\/physio-knepel.de\/index.php?rest_route=\/wp\/v2\/media\/65"}],"wp:attachment":[{"href":"https:\/\/physio-knepel.de\/index.php?rest_route=%2Fwp%2Fv2%2Fmedia&parent=12"}],"curies":[{"name":"wp","href":"https:\/\/api.w.org\/{rel}","templated":true}]}}